{"id":28,"date":"2020-07-16T14:42:59","date_gmt":"2020-07-16T14:42:59","guid":{"rendered":"http:\/\/blondatex.com\/?page_id=28"},"modified":"2020-08-03T06:52:40","modified_gmt":"2020-08-03T06:52:40","slug":"contactenos","status":"publish","type":"page","link":"https:\/\/blondatex.com\/en\/contactenos\/","title":{"rendered":"Contact Us"},"content":{"rendered":"\t\t<div data-elementor-type=\"wp-page\" data-elementor-id=\"28\" class=\"elementor elementor-28\" data-elementor-settings=\"{&quot;ha_cmc_init_switcher&quot;:&quot;no&quot;}\" data-elementor-post-type=\"page\">\n\t\t\t\t\t\t<section class=\"elementor-section elementor-top-section elementor-element elementor-element-d187eb2 elementor-section-boxed elementor-section-height-default elementor-section-height-default\" data-id=\"d187eb2\" data-element_type=\"section\" data-e-type=\"section\">\n\t\t\t\t\t\t<div class=\"elementor-container elementor-column-gap-default\">\n\t\t\t\t\t<div class=\"elementor-column elementor-col-100 elementor-top-column elementor-element elementor-element-ee1d19c\" data-id=\"ee1d19c\" data-element_type=\"column\" data-e-type=\"column\">\n\t\t\t<div class=\"elementor-widget-wrap elementor-element-populated\">\n\t\t\t\t\t\t<div class=\"elementor-element elementor-element-cca7e7e elementor-widget elementor-widget-heading\" data-id=\"cca7e7e\" data-element_type=\"widget\" data-e-type=\"widget\" data-widget_type=\"heading.default\">\n\t\t\t\t<div class=\"elementor-widget-container\">\n\t\t\t\t\t<h2 class=\"elementor-heading-title elementor-size-default\">Cont\u00e1ctenos:<\/h2>\t\t\t\t<\/div>\n\t\t\t\t<\/div>\n\t\t\t\t<div class=\"elementor-element elementor-element-22abfc0 elementor-widget elementor-widget-text-editor\" data-id=\"22abfc0\" data-element_type=\"widget\" data-e-type=\"widget\" data-widget_type=\"text-editor.default\">\n\t\t\t\t<div class=\"elementor-widget-container\">\n\t\t\t\t\t\t\t\t\t<p>\u00a1Hay muchas formas de contactarnos!<\/p><p>Haga una elecci\u00f3n inteligente para su empresa y p\u00f3ngase en contacto con nuestro equipo para contar con los productos de Blondatex.<\/p><p>Complete nuestro formulario de contacto o, si lo prefiere, escr\u00edbanos directamente a trav\u00e9s de nuestros correos electr\u00f3nicos.<\/p><p><span style=\"text-decoration: underline;\">Importante:<\/span>\u00a0 comun\u00edquece con un acesor en cualquier momento a trav\u00e9s de nuestro <strong><a href=\"https:\/\/wa.me\/573108120092\">whatsapp<\/a><\/strong>.<\/p>\t\t\t\t\t\t\t\t<\/div>\n\t\t\t\t<\/div>\n\t\t\t\t\t<\/div>\n\t\t<\/div>\n\t\t\t\t\t<\/div>\n\t\t<\/section>\n\t\t\t\t<section class=\"elementor-section elementor-top-section elementor-element elementor-element-7541ad2 elementor-section-boxed elementor-section-height-default elementor-section-height-default\" data-id=\"7541ad2\" data-element_type=\"section\" data-e-type=\"section\">\n\t\t\t\t\t\t<div class=\"elementor-container elementor-column-gap-default\">\n\t\t\t\t\t<div class=\"elementor-column elementor-col-100 elementor-top-column elementor-element elementor-element-aff0997\" data-id=\"aff0997\" data-element_type=\"column\" data-e-type=\"column\">\n\t\t\t<div class=\"elementor-widget-wrap elementor-element-populated\">\n\t\t\t\t\t\t<div class=\"elementor-element elementor-element-4ea2cd0 elementor-widget elementor-widget-menu-anchor\" data-id=\"4ea2cd0\" data-element_type=\"widget\" data-e-type=\"widget\" data-widget_type=\"menu-anchor.default\">\n\t\t\t\t<div class=\"elementor-widget-container\">\n\t\t\t\t\t\t\t<div class=\"elementor-menu-anchor\" id=\"fcb\"><\/div>\n\t\t\t\t\t\t<\/div>\n\t\t\t\t<\/div>\n\t\t\t\t<div class=\"elementor-element elementor-element-515f111 elementor-button-align-stretch elementor-widget elementor-widget-form\" data-id=\"515f111\" data-element_type=\"widget\" data-e-type=\"widget\" data-settings=\"{&quot;step_next_label&quot;:&quot;Siguiente&quot;,&quot;step_previous_label&quot;:&quot;Anterior&quot;,&quot;step_type&quot;:&quot;number&quot;,&quot;button_width&quot;:&quot;100&quot;,&quot;step_icon_shape&quot;:&quot;circle&quot;}\" data-widget_type=\"form.default\">\n\t\t\t\t<div class=\"elementor-widget-container\">\n\t\t\t\t\t\t\t<form class=\"elementor-form\" method=\"post\" name=\"Blondatex 1\">\n\t\t\t<input type=\"hidden\" name=\"post_id\" value=\"28\"\/>\n\t\t\t<input type=\"hidden\" name=\"form_id\" value=\"515f111\"\/>\n\t\t\t<input type=\"hidden\" name=\"referer_title\" value=\"Cont\u00e1ctenos\" \/>\n\n\t\t\t\t\t\t\t<input type=\"hidden\" name=\"queried_id\" value=\"28\"\/>\n\t\t\t\n\t\t\t<div class=\"elementor-form-fields-wrapper elementor-labels-above\">\n\t\t\t\t\t\t\t\t<div class=\"elementor-field-type-step elementor-field-group elementor-column elementor-field-group-field_205968b elementor-col-100\">\n\t\t\t\t\t\t\t<div class=\"e-field-step elementor-hidden\" data-label=\"\" data-previousButton=\"\" data-nextButton=\"\" data-iconUrl=\"\" data-iconLibrary=\"fas fa-star\" data-icon=\"\" ><\/div>\n\n\t\t\t\t\t\t<\/div>\n\t\t\t\t\t\t\t\t<div class=\"elementor-field-type-text elementor-field-group elementor-column elementor-field-group-name elementor-col-50\">\n\t\t\t\t\t\t\t\t\t\t\t\t<label for=\"form-field-name\" class=\"elementor-field-label\">\n\t\t\t\t\t\t\t\tNombre\t\t\t\t\t\t\t<\/label>\n\t\t\t\t\t\t\t\t\t\t\t\t\t\t<input size=\"1\" type=\"text\" name=\"form_fields[name]\" id=\"form-field-name\" class=\"elementor-field elementor-size-sm  elementor-field-textual\" placeholder=\"Nombre\">\n\t\t\t\t\t\t\t\t\t\t\t<\/div>\n\t\t\t\t\t\t\t\t<div class=\"elementor-field-type-tel elementor-field-group elementor-column elementor-field-group-message elementor-col-50\">\n\t\t\t\t\t\t\t\t\t\t\t\t<label for=\"form-field-message\" class=\"elementor-field-label\">\n\t\t\t\t\t\t\t\tTel\u00e9fono\t\t\t\t\t\t\t<\/label>\n\t\t\t\t\t\t\t\t<input size=\"1\" type=\"tel\" name=\"form_fields[message]\" id=\"form-field-message\" class=\"elementor-field elementor-size-sm  elementor-field-textual\" placeholder=\"Tel\u00e9fono\" pattern=\"[0-9()#&amp;+*-=.]+\" title=\"Only numbers and phone characters (#, -, *, etc.) are accepted.\">\n\n\t\t\t\t\t\t<\/div>\n\t\t\t\t\t\t\t\t<div class=\"elementor-field-type-email elementor-field-group elementor-column elementor-field-group-email elementor-col-50 elementor-field-required elementor-mark-required\">\n\t\t\t\t\t\t\t\t\t\t\t\t<label for=\"form-field-email\" class=\"elementor-field-label\">\n\t\t\t\t\t\t\t\tE-mail\t\t\t\t\t\t\t<\/label>\n\t\t\t\t\t\t\t\t\t\t\t\t\t\t<input size=\"1\" type=\"email\" name=\"form_fields[email]\" id=\"form-field-email\" class=\"elementor-field elementor-size-sm  elementor-field-textual\" placeholder=\"E-mail\" required=\"required\" aria-required=\"true\">\n\t\t\t\t\t\t\t\t\t\t\t<\/div>\n\t\t\t\t\t\t\t\t<div class=\"elementor-field-type-step elementor-field-group elementor-column elementor-field-group-field_afa20a6 elementor-col-100\">\n\t\t\t\t\t\t\t<div class=\"e-field-step elementor-hidden\" data-label=\"\" data-previousButton=\"\" data-nextButton=\"\" data-iconUrl=\"\" data-iconLibrary=\"fas fa-star\" data-icon=\"\" ><\/div>\n\n\t\t\t\t\t\t<\/div>\n\t\t\t\t\t\t\t\t<div class=\"elementor-field-type-select elementor-field-group elementor-column elementor-field-group-field_d8f6106 elementor-col-33\">\n\t\t\t\t\t\t\t\t\t\t\t\t<label for=\"form-field-field_d8f6106\" class=\"elementor-field-label\">\n\t\t\t\t\t\t\t\tPa\u00eds\t\t\t\t\t\t\t<\/label>\n\t\t\t\t\t\t\t\t<div class=\"elementor-field elementor-select-wrapper remove-before \">\n\t\t\t<div class=\"select-caret-down-wrapper\">\n\t\t\t\t<i aria-hidden=\"true\" class=\"eicon-caret-down\"><\/i>\t\t\t<\/div>\n\t\t\t<select name=\"form_fields[field_d8f6106]\" id=\"form-field-field_d8f6106\" class=\"elementor-field-textual elementor-size-sm\">\n\t\t\t\t\t\t\t\t\t<option value=\"Colombia\">Colombia<\/option>\n\t\t\t\t\t\t\t\t\t<option value=\"Argentina\">Argentina<\/option>\n\t\t\t\t\t\t\t\t\t<option value=\"Bolivia\">Bolivia<\/option>\n\t\t\t\t\t\t\t\t\t<option value=\"Brasil\">Brasil<\/option>\n\t\t\t\t\t\t\t\t\t<option value=\"Chile\">Chile<\/option>\n\t\t\t\t\t\t\t\t\t<option value=\"Costa Rica\">Costa Rica<\/option>\n\t\t\t\t\t\t\t\t\t<option value=\"Ecuador\">Ecuador<\/option>\n\t\t\t\t\t\t\t\t\t<option value=\"Estados Unidos\">Estados Unidos<\/option>\n\t\t\t\t\t\t\t\t\t<option value=\"M\u00e9xico\">M\u00e9xico<\/option>\n\t\t\t\t\t\t\t\t\t<option value=\"Panam\u00e1\">Panam\u00e1<\/option>\n\t\t\t\t\t\t\t\t\t<option value=\"Per\u00fa\">Per\u00fa<\/option>\n\t\t\t\t\t\t\t\t\t<option value=\"Uruguay\">Uruguay<\/option>\n\t\t\t\t\t\t\t\t\t<option value=\"Venezuela\">Venezuela<\/option>\n\t\t\t\t\t\t\t\t\t<option value=\"Otro\">Otro<\/option>\n\t\t\t\t\t\t\t<\/select>\n\t\t<\/div>\n\t\t\t\t\t\t<\/div>\n\t\t\t\t\t\t\t\t<div class=\"elementor-field-type-text elementor-field-group elementor-column elementor-field-group-field_384d380 elementor-col-33\">\n\t\t\t\t\t\t\t\t\t\t\t\t<label for=\"form-field-field_384d380\" class=\"elementor-field-label\">\n\t\t\t\t\t\t\t\tCiudad\t\t\t\t\t\t\t<\/label>\n\t\t\t\t\t\t\t\t\t\t\t\t\t\t<input size=\"1\" type=\"text\" name=\"form_fields[field_384d380]\" id=\"form-field-field_384d380\" class=\"elementor-field elementor-size-sm  elementor-field-textual\" placeholder=\"Ciudad\">\n\t\t\t\t\t\t\t\t\t\t\t<\/div>\n\t\t\t\t\t\t\t\t<div class=\"elementor-field-type-checkbox elementor-field-group elementor-column elementor-field-group-field_0889b1d elementor-col-100\">\n\t\t\t\t\t\t\t\t\t\t\t\t<label for=\"form-field-field_0889b1d\" class=\"elementor-field-label\">\n\t\t\t\t\t\t\t\tFinalidad del producto: \t\t\t\t\t\t\t<\/label>\n\t\t\t\t\t\t<div class=\"elementor-field-subgroup  \"><span class=\"elementor-field-option\"><input type=\"checkbox\" value=\"Confeccionista Tercero\" id=\"form-field-field_0889b1d-0\" name=\"form_fields[field_0889b1d][]\"> <label for=\"form-field-field_0889b1d-0\">Confeccionista Tercero<\/label><\/span><span class=\"elementor-field-option\"><input type=\"checkbox\" value=\"Confeccionista Marca Propia\" id=\"form-field-field_0889b1d-1\" name=\"form_fields[field_0889b1d][]\"> <label for=\"form-field-field_0889b1d-1\">Confeccionista Marca Propia<\/label><\/span><span class=\"elementor-field-option\"><input type=\"checkbox\" value=\"Comercializadora\" id=\"form-field-field_0889b1d-2\" name=\"form_fields[field_0889b1d][]\"> <label for=\"form-field-field_0889b1d-2\">Comercializadora<\/label><\/span><span class=\"elementor-field-option\"><input type=\"checkbox\" value=\"Almac\u00e9n\" id=\"form-field-field_0889b1d-3\" name=\"form_fields[field_0889b1d][]\"> <label for=\"form-field-field_0889b1d-3\">Almac\u00e9n<\/label><\/span><span class=\"elementor-field-option\"><input type=\"checkbox\" value=\"Otras\" id=\"form-field-field_0889b1d-4\" name=\"form_fields[field_0889b1d][]\"> <label for=\"form-field-field_0889b1d-4\">Otras<\/label><\/span><\/div>\t\t\t\t<\/div>\n\t\t\t\t\t\t\t\t<div class=\"elementor-field-type-step elementor-field-group elementor-column elementor-field-group-field_35bcb57 elementor-col-100\">\n\t\t\t\t\t\t\t<div class=\"e-field-step elementor-hidden\" data-label=\"\" data-previousButton=\"\" data-nextButton=\"\" data-iconUrl=\"\" data-iconLibrary=\"fas fa-star\" data-icon=\"\" ><\/div>\n\n\t\t\t\t\t\t<\/div>\n\t\t\t\t\t\t\t\t<div class=\"elementor-field-type-textarea elementor-field-group elementor-column elementor-field-group-field_87cf7a7 elementor-col-100\">\n\t\t\t\t\t\t\t\t\t\t\t\t<label for=\"form-field-field_87cf7a7\" class=\"elementor-field-label\">\n\t\t\t\t\t\t\t\tMensaje\t\t\t\t\t\t\t<\/label>\n\t\t\t\t\t\t<textarea class=\"elementor-field-textual elementor-field  elementor-size-sm\" name=\"form_fields[field_87cf7a7]\" id=\"form-field-field_87cf7a7\" rows=\"4\" placeholder=\"Mensaje\"><\/textarea>\t\t\t\t<\/div>\n\t\t\t\t\t\t\t\t<div class=\"elementor-field-group elementor-column elementor-field-type-submit elementor-col-100 e-form__buttons\">\n\t\t\t\t\t<button class=\"elementor-button elementor-size-sm\" type=\"submit\">\n\t\t\t\t\t\t<span class=\"elementor-button-content-wrapper\">\n\t\t\t\t\t\t\t\t\t\t\t\t\t\t\t<span class=\"elementor-button-icon\">\n\t\t\t\t\t\t\t\t\t<i aria-hidden=\"true\" class=\"far fa-arrow-alt-circle-right\"><\/i>\t\t\t\t\t\t\t\t\t\t\t\t\t\t\t\t\t<\/span>\n\t\t\t\t\t\t\t\t\t\t\t\t\t\t\t\t\t\t\t\t\t\t<span class=\"elementor-button-text\">Enviar<\/span>\n\t\t\t\t\t\t\t\t\t\t\t\t\t<\/span>\n\t\t\t\t\t<\/button>\n\t\t\t\t<\/div>\n\t\t\t<\/div>\n\t\t<\/form>\n\t\t\t\t\t\t<\/div>\n\t\t\t\t<\/div>\n\t\t\t\t\t<\/div>\n\t\t<\/div>\n\t\t\t\t\t<\/div>\n\t\t<\/section>\n\t\t\t\t<section class=\"elementor-section elementor-top-section elementor-element elementor-element-3eab082 elementor-section-boxed elementor-section-height-default elementor-section-height-default\" data-id=\"3eab082\" data-element_type=\"section\" data-e-type=\"section\">\n\t\t\t\t\t\t<div class=\"elementor-container elementor-column-gap-default\">\n\t\t\t\t\t<div class=\"elementor-column elementor-col-100 elementor-top-column elementor-element elementor-element-bf735bd\" data-id=\"bf735bd\" data-element_type=\"column\" data-e-type=\"column\">\n\t\t\t<div class=\"elementor-widget-wrap elementor-element-populated\">\n\t\t\t\t\t\t<div class=\"elementor-element elementor-element-b2fbb86 elementor-widget elementor-widget-heading\" data-id=\"b2fbb86\" data-element_type=\"widget\" data-e-type=\"widget\" data-widget_type=\"heading.default\">\n\t\t\t\t<div class=\"elementor-widget-container\">\n\t\t\t\t\t<h2 class=\"elementor-heading-title elementor-size-default\">Nuestros e-mails:<\/h2>\t\t\t\t<\/div>\n\t\t\t\t<\/div>\n\t\t\t\t<section class=\"elementor-section elementor-inner-section elementor-element elementor-element-f5e11ea elementor-section-boxed elementor-section-height-default elementor-section-height-default\" data-id=\"f5e11ea\" data-element_type=\"section\" data-e-type=\"section\">\n\t\t\t\t\t\t<div class=\"elementor-container elementor-column-gap-default\">\n\t\t\t\t\t<div class=\"elementor-column elementor-col-16 elementor-inner-column elementor-element elementor-element-d2bdc0e\" data-id=\"d2bdc0e\" data-element_type=\"column\" data-e-type=\"column\">\n\t\t\t<div class=\"elementor-widget-wrap elementor-element-populated\">\n\t\t\t\t\t\t<div class=\"elementor-element elementor-element-32c068b elementor-view-default elementor-widget elementor-widget-icon\" data-id=\"32c068b\" data-element_type=\"widget\" data-e-type=\"widget\" data-widget_type=\"icon.default\">\n\t\t\t\t<div class=\"elementor-widget-container\">\n\t\t\t\t\t\t\t<div class=\"elementor-icon-wrapper\">\n\t\t\t<div class=\"elementor-icon\">\n\t\t\t<svg xmlns=\"http:\/\/www.w3.org\/2000\/svg\" xmlns:xlink=\"http:\/\/www.w3.org\/1999\/xlink\" id=\"Capa_1\" x=\"0px\" y=\"0px\" viewBox=\"0 0 111.577 111.577\" style=\"enable-background:new 0 0 111.577 111.577;\" xml:space=\"preserve\"><g>\t<path d=\"M78.962,99.536l-1.559,6.373c-4.677,1.846-8.413,3.251-11.195,4.217c-2.785,0.969-6.021,1.451-9.708,1.451   c-5.662,0-10.066-1.387-13.207-4.142c-3.141-2.766-4.712-6.271-4.712-10.523c0-1.646,0.114-3.339,0.351-5.064   c0.239-1.727,0.619-3.672,1.139-5.846l5.845-20.688c0.52-1.981,0.962-3.858,1.316-5.633c0.359-1.764,0.532-3.387,0.532-4.848   c0-2.642-0.547-4.49-1.636-5.529c-1.089-1.036-3.167-1.562-6.252-1.562c-1.511,0-3.064,0.242-4.647,0.71   c-1.59,0.47-2.949,0.924-4.09,1.346l1.563-6.378c3.829-1.559,7.489-2.894,10.99-4.002c3.501-1.111,6.809-1.667,9.938-1.667   c5.623,0,9.962,1.359,13.009,4.077c3.047,2.72,4.57,6.246,4.57,10.591c0,0.899-0.1,2.483-0.315,4.747   c-0.21,2.269-0.601,4.348-1.171,6.239l-5.82,20.605c-0.477,1.655-0.906,3.547-1.279,5.676c-0.385,2.115-0.569,3.731-0.569,4.815   c0,2.736,0.61,4.604,1.833,5.597c1.232,0.993,3.354,1.487,6.368,1.487c1.415,0,3.025-0.251,4.814-0.744   C76.854,100.348,78.155,99.915,78.962,99.536z M80.438,13.03c0,3.59-1.353,6.656-4.072,9.177c-2.712,2.53-5.98,3.796-9.803,3.796   c-3.835,0-7.111-1.266-9.854-3.796c-2.738-2.522-4.11-5.587-4.11-9.177c0-3.583,1.372-6.654,4.11-9.207   C59.447,1.274,62.729,0,66.563,0c3.822,0,7.091,1.277,9.803,3.823C79.087,6.376,80.438,9.448,80.438,13.03z\"><\/path><\/g><g><\/g><g><\/g><g><\/g><g><\/g><g><\/g><g><\/g><g><\/g><g><\/g><g><\/g><g><\/g><g><\/g><g><\/g><g><\/g><g><\/g><g><\/g><\/svg>\t\t\t<\/div>\n\t\t<\/div>\n\t\t\t\t\t\t<\/div>\n\t\t\t\t<\/div>\n\t\t\t\t\t<\/div>\n\t\t<\/div>\n\t\t\t\t<div class=\"elementor-column elementor-col-16 elementor-inner-column elementor-element elementor-element-51e5b39\" data-id=\"51e5b39\" data-element_type=\"column\" data-e-type=\"column\">\n\t\t\t<div class=\"elementor-widget-wrap elementor-element-populated\">\n\t\t\t\t\t\t<div class=\"elementor-element elementor-element-26ba35f elementor-widget elementor-widget-heading\" data-id=\"26ba35f\" data-element_type=\"widget\" data-e-type=\"widget\" data-widget_type=\"heading.default\">\n\t\t\t\t<div class=\"elementor-widget-container\">\n\t\t\t\t\t<h6 class=\"elementor-heading-title elementor-size-default\">Informaci\u00f3n:<\/h6>\t\t\t\t<\/div>\n\t\t\t\t<\/div>\n\t\t\t\t\t<\/div>\n\t\t<\/div>\n\t\t\t\t<div class=\"elementor-column elementor-col-16 elementor-inner-column elementor-element elementor-element-f84a35d\" data-id=\"f84a35d\" data-element_type=\"column\" data-e-type=\"column\">\n\t\t\t<div class=\"elementor-widget-wrap elementor-element-populated\">\n\t\t\t\t\t\t<div class=\"elementor-element elementor-element-8c8ff9a elementor-widget elementor-widget-text-editor\" data-id=\"8c8ff9a\" data-element_type=\"widget\" data-e-type=\"widget\" data-widget_type=\"text-editor.default\">\n\t\t\t\t<div class=\"elementor-widget-container\">\n\t\t\t\t\t\t\t\t\t<p><a href=\"mailto:info@blondatex.com\">info@blondatex.com<\/a><\/p>\t\t\t\t\t\t\t\t<\/div>\n\t\t\t\t<\/div>\n\t\t\t\t\t<\/div>\n\t\t<\/div>\n\t\t\t\t<div class=\"elementor-column elementor-col-16 elementor-inner-column elementor-element elementor-element-39a31a6\" data-id=\"39a31a6\" data-element_type=\"column\" data-e-type=\"column\">\n\t\t\t<div class=\"elementor-widget-wrap elementor-element-populated\">\n\t\t\t\t\t\t<div class=\"elementor-element elementor-element-6e88db6 elementor-view-default elementor-widget elementor-widget-icon\" data-id=\"6e88db6\" data-element_type=\"widget\" data-e-type=\"widget\" data-widget_type=\"icon.default\">\n\t\t\t\t<div class=\"elementor-widget-container\">\n\t\t\t\t\t\t\t<div class=\"elementor-icon-wrapper\">\n\t\t\t<div class=\"elementor-icon\">\n\t\t\t<svg xmlns=\"http:\/\/www.w3.org\/2000\/svg\" height=\"512\" viewBox=\"0 0 64 64\" width=\"512\"><g id=\"Shopping_Bag-Hands-Bag-Purchase-Buy\" data-name=\"Shopping Bag-Hands-Bag-Purchase-Buy\"><path d=\"m43 12h-4v-3a7 7 0 0 0 -14 0v3h-4a1 1 0 0 0 -1 1v22a3.009 3.009 0 0 0 3 3h13v-2h-13a1 1 0 0 1 -1-1v-1h14v-2h-14v-18h3v3h2v-3h10v3h2v-3h3v3h2v-4a1 1 0 0 0 -1-1zm-6 0h-10v-3a5 5 0 0 1 10 0z\"><\/path><path d=\"m57 19h-18a1 1 0 0 0 -1 1v15a3.009 3.009 0 0 0 3 3h14a3.009 3.009 0 0 0 3-3v-15a1 1 0 0 0 -1-1zm-1 16a1 1 0 0 1 -1 1h-14a1 1 0 0 1 -1-1v-1h16zm0-3h-16v-11h16z\"><\/path><path d=\"m48 30a5.006 5.006 0 0 0 5-5v-2h-2v2a3 3 0 0 1 -6 0v-2h-2v2a5.006 5.006 0 0 0 5 5z\"><\/path><path d=\"m62.332 44.55a4.109 4.109 0 0 0 -5.176-2.062l-8.93 3.25a4 4 0 0 0 -3.174-2.959l-12.063-2.127a15.018 15.018 0 0 0 -7.735.677l-1.554.571a16.917 16.917 0 0 0 -4.1 2.179l-.221-.607a1 1 0 0 0 -1.281-.6l-11.277 4.1a1 1 0 0 0 -.6 1.281l-4.7 1.71.684 1.879 4.7-1.71 4.079 11.208 1.879-.684-4.416-12.146 9.4-3.42 5.131 14.1-2.4.875.684 1.878 3.338-1.22a1 1 0 0 0 .6-1.282l-.342-.94 2.3-.838a10.943 10.943 0 0 1 4.523-.638l4.744.329a12.842 12.842 0 0 0 5.345-.753l18.28-6.653a4 4 0 0 0 2.281-5.4zm-1.838 2.483a1.984 1.984 0 0 1 -1.127 1.035l-18.28 6.654a10.893 10.893 0 0 1 -4.523.637l-4.744-.329a12.959 12.959 0 0 0 -5.344.753l-2.306.839-3.855-10.592a14.922 14.922 0 0 1 4.07-2.256l1.552-.565a13.015 13.015 0 0 1 6.705-.587l12.058 2.127a2 2 0 1 1 -.694 3.939l-10.833-1.91-.348 1.97 10.833 1.91a3.982 3.982 0 0 0 4.506-2.77l9.672-3.521a2.13 2.13 0 0 1 2.667 1 2.01 2.01 0 0 1 -.009 1.666z\"><\/path><\/g><\/svg>\t\t\t<\/div>\n\t\t<\/div>\n\t\t\t\t\t\t<\/div>\n\t\t\t\t<\/div>\n\t\t\t\t\t<\/div>\n\t\t<\/div>\n\t\t\t\t<div class=\"elementor-column elementor-col-16 elementor-inner-column elementor-element elementor-element-25aaeb3\" data-id=\"25aaeb3\" data-element_type=\"column\" data-e-type=\"column\">\n\t\t\t<div class=\"elementor-widget-wrap elementor-element-populated\">\n\t\t\t\t\t\t<div class=\"elementor-element elementor-element-b3a012d elementor-widget elementor-widget-heading\" data-id=\"b3a012d\" data-element_type=\"widget\" data-e-type=\"widget\" data-widget_type=\"heading.default\">\n\t\t\t\t<div class=\"elementor-widget-container\">\n\t\t\t\t\t<h6 class=\"elementor-heading-title elementor-size-default\">Ventas:<\/h6>\t\t\t\t<\/div>\n\t\t\t\t<\/div>\n\t\t\t\t\t<\/div>\n\t\t<\/div>\n\t\t\t\t<div class=\"elementor-column elementor-col-16 elementor-inner-column elementor-element elementor-element-df6682c\" data-id=\"df6682c\" data-element_type=\"column\" data-e-type=\"column\">\n\t\t\t<div class=\"elementor-widget-wrap elementor-element-populated\">\n\t\t\t\t\t\t<div class=\"elementor-element elementor-element-aa79e01 elementor-widget elementor-widget-text-editor\" data-id=\"aa79e01\" data-element_type=\"widget\" data-e-type=\"widget\" data-widget_type=\"text-editor.default\">\n\t\t\t\t<div class=\"elementor-widget-container\">\n\t\t\t\t\t\t\t\t\t<p><a href=\"mailto:ventas@blondatex.com\">ventas@blondatex.com<\/a><\/p>\t\t\t\t\t\t\t\t<\/div>\n\t\t\t\t<\/div>\n\t\t\t\t\t<\/div>\n\t\t<\/div>\n\t\t\t\t\t<\/div>\n\t\t<\/section>\n\t\t\t\t\t<\/div>\n\t\t<\/div>\n\t\t\t\t\t<\/div>\n\t\t<\/section>\n\t\t\t\t<section class=\"elementor-section elementor-top-section elementor-element elementor-element-b402a10 elementor-section-boxed elementor-section-height-default elementor-section-height-default\" data-id=\"b402a10\" data-element_type=\"section\" data-e-type=\"section\">\n\t\t\t\t\t\t<div class=\"elementor-container elementor-column-gap-default\">\n\t\t\t\t\t<div class=\"elementor-column elementor-col-100 elementor-top-column elementor-element elementor-element-ab85568\" data-id=\"ab85568\" data-element_type=\"column\" data-e-type=\"column\">\n\t\t\t<div class=\"elementor-widget-wrap elementor-element-populated\">\n\t\t\t\t\t\t<div class=\"elementor-element elementor-element-2276d67 elementor-widget elementor-widget-spacer\" data-id=\"2276d67\" data-element_type=\"widget\" data-e-type=\"widget\" data-widget_type=\"spacer.default\">\n\t\t\t\t<div class=\"elementor-widget-container\">\n\t\t\t\t\t\t\t<div class=\"elementor-spacer\">\n\t\t\t<div class=\"elementor-spacer-inner\"><\/div>\n\t\t<\/div>\n\t\t\t\t\t\t<\/div>\n\t\t\t\t<\/div>\n\t\t\t\t\t<\/div>\n\t\t<\/div>\n\t\t\t\t\t<\/div>\n\t\t<\/section>\n\t\t\t\t<\/div>\n\t\t","protected":false},"excerpt":{"rendered":"<p>Cont\u00e1ctenos: \u00a1Hay muchas formas de contactarnos! Haga una elecci\u00f3n inteligente para su empresa y p\u00f3ngase en contacto con nuestro equipo para contar con los productos de Blondatex. Complete nuestro formulario de contacto o, si lo prefiere, escr\u00edbanos directamente a trav\u00e9s de nuestros correos electr\u00f3nicos. Importante:\u00a0 comun\u00edquece con un acesor en cualquier momento a trav\u00e9s de [&hellip;]<\/p>\n","protected":false},"author":1,"featured_media":0,"parent":0,"menu_order":0,"comment_status":"closed","ping_status":"closed","template":"","meta":{"om_disable_all_campaigns":false,"_monsterinsights_skip_tracking":false,"_monsterinsights_sitenote_active":false,"_monsterinsights_sitenote_note":"","_monsterinsights_sitenote_category":0,"footnotes":""},"class_list":["post-28","page","type-page","status-publish","hentry"],"_links":{"self":[{"href":"https:\/\/blondatex.com\/en\/wp-json\/wp\/v2\/pages\/28","targetHints":{"allow":["GET"]}}],"collection":[{"href":"https:\/\/blondatex.com\/en\/wp-json\/wp\/v2\/pages"}],"about":[{"href":"https:\/\/blondatex.com\/en\/wp-json\/wp\/v2\/types\/page"}],"author":[{"embeddable":true,"href":"https:\/\/blondatex.com\/en\/wp-json\/wp\/v2\/users\/1"}],"replies":[{"embeddable":true,"href":"https:\/\/blondatex.com\/en\/wp-json\/wp\/v2\/comments?post=28"}],"version-history":[{"count":25,"href":"https:\/\/blondatex.com\/en\/wp-json\/wp\/v2\/pages\/28\/revisions"}],"predecessor-version":[{"id":580,"href":"https:\/\/blondatex.com\/en\/wp-json\/wp\/v2\/pages\/28\/revisions\/580"}],"wp:attachment":[{"href":"https:\/\/blondatex.com\/en\/wp-json\/wp\/v2\/media?parent=28"}],"curies":[{"name":"wp","href":"https:\/\/api.w.org\/{rel}","templated":true}]}}